{"id":7036,"date":"2024-03-17T19:32:52","date_gmt":"2024-03-17T18:32:52","guid":{"rendered":"https:\/\/italianopolacco.com\/pl\/?page_id=7036"},"modified":"2024-03-17T19:42:15","modified_gmt":"2024-03-17T18:42:15","slug":"polytyka-prywatnosci","status":"publish","type":"page","link":"https:\/\/italianopolacco.com\/pl\/polytyka-prywatnosci\/","title":{"rendered":"Polytyka Prywatno\u015bci"},"content":{"rendered":"\n<div class=\"wp-block-uagb-container uagb-block-a51e8889 alignfull uagb-is-root-container\"><div class=\"uagb-container-inner-blocks-wrap\">\n<h1 class=\"wp-block-heading\">Polytyka Prywatno\u015bci<\/h1>\n\n\n\n<p>Poni\u017cej przedstawiono tryb zarz\u0105dzania witryn\u0105 internetow\u0105 dost\u0119pn\u0105 pod adresem www.nomotranslations.com pod wzgl\u0119dem przetwarzania danych osobowych odwiedzaj\u0105cych j\u0105 u\u017cytkownik\u00f3w.<\/p>\n\n\n\n<p><strong>Administrator danych<\/strong><br>Odwiedzenie niniejszej strony mo\u017ce skutkowa\u0107 przetwarzaniem danych dotycz\u0105cych zidentyfikowanych lub mo\u017cliwych do zidentyfikowania os\u00f3b. Dane te s\u0105 gromadzone w bazie danych, kt\u00f3ra mo\u017ce by\u0107 wykorzystywana do cel\u00f3w handlowych i marketingowych. Administratorem danych jest Nomo Translations Anna Cie\u015blik, z siedzib\u0105 przy ul. Niegolewskich 10\/8, 60-232 Pozna\u0144.<\/p>\n\n\n\n<p><strong>Miejsce przetwarzania danych<\/strong><br>Przetwarzanie danych zwi\u0105zane z us\u0142ugami internetowymi niniejszej witryny ma miejsce w siedzibie firmy. Odbywa si\u0119 ono przy udziale jedynie personelu technicznego Biura wyznaczonego do przetwarzania danych lub ewentualnie os\u00f3b wyznaczonych do okazjonalnych operacji konserwacyjnych. \u017badne dane pochodz\u0105ce z interakcji z witryn\u0105 nie s\u0105 przekazywane podmiotom trzecim ani rozpowszechniane. Dane osobowe dostarczone przez u\u017cytkownik\u00f3w, wysy\u0142aj\u0105cych pro\u015bby o udzielenie informacji lub o bezpo\u015bredni kontakt z biurem t\u0142umacze\u0144, s\u0105 wykorzystywane jedynie w celu spe\u0142nienia tej pro\u015bby i s\u0105 przekazywane podmiotom trzecim jedynie w sytuacji, gdy jest to konieczne do spe\u0142nienia tego celu.<\/p>\n\n\n\n<p><strong>Rodzaje przetwarzanych danych<\/strong><br><span style=\"text-decoration: underline;\">Dane nawigacyjne<br><\/span>Systemy informatyczne i procedury stosowane w obs\u0142udze niniejszej witryny internetowej, podczas swego zwyk\u0142ego dzia\u0142ania, powoduj\u0105 uzyskanie pewnych danych osobowych, kt\u00f3rych przesy\u0142anie jest bezpo\u015brednio zwi\u0105zane z u\u017cytkowaniem internetowych protoko\u0142\u00f3w komunikacyjnych. Cho\u0107 takie informacje nie s\u0105 zbierane w celu ich powi\u0105zania ze zidentyfikowanymi podmiotami, ze wzgl\u0119du na sw\u00f3j charakter mog\u0105, poprzez przetwarzanie i powi\u0105zanie z danymi b\u0119d\u0105cymi w posiadaniu podmiot\u00f3w trzecich, umo\u017cliwi\u0107 identyfikacj\u0119 u\u017cytkownik\u00f3w. Do tej kategorii danych nale\u017c\u0105 adresy IP lub nazwy domen komputer\u00f3w u\u017cytkownik\u00f3w, kt\u00f3rzy \u0142\u0105cz\u0105 si\u0119 z witryn\u0105, adresy w notacji URI (Uniform Resource Identifier) \u017c\u0105danych zasob\u00f3w, godzina po\u0142\u0105czenia, spos\u00f3b sk\u0142adania zapytania na serwer, rozmiar pliku otrzymanego jako odpowied\u017a, kod numeryczny wskazuj\u0105cy stan odpowiedzi przes\u0142anej na serwer oraz inne parametry dotycz\u0105ce typu systemu operacyjnego i \u015brodowiska informatycznego u\u017cytkownika. Dane te s\u0142u\u017c\u0105 jedynie do pozyskania anonimowych informacji statystycznych zwi\u0105zanych z u\u017cytkowaniem witryny oraz do kontroli jej prawid\u0142owego dzia\u0142ania. <br><span style=\"text-decoration: underline;\">Dane dostarczone dobrowolnie przez u\u017cytkownika<br><\/span>Fakultatywne, wyra\u017ane i dobrowolne wys\u0142anie wiadomo\u015bci za pomoc\u0105 poczty elektronicznej na adresy podane w niniejszej witrynie, jak np. wys\u0142anie wiadomo\u015bci za pomoc\u0105 przeznaczonych&nbsp; do tego formularzy, powoduje pozyskanie przekazanych danych osobowych, np. adresu e-mail nadawcy, a tak\u017ce ewentualnie innych danych osobowych podanych we wiadomo\u015bci.<br><span style=\"text-decoration: underline;\">Cookies<br><\/span>W celu analizy ruchu na stronie, przeprowadzanej w spos\u00f3b anonimowy, oraz zaoferowania Pa\u0144stwu spersonalizowanej tre\u015bci, nasz serwer mo\u017ce wysy\u0142a\u0107 ma\u0142e pliki danych zwane \u201ecookies\u201c.<br>Fakultatywno\u015b\u0107 przekazywania danych<br>Pomijaj\u0105c podane powy\u017cej ustalenia dotycz\u0105ce danych nawigacyjnych, u\u017cytkownik ma prawo nie przekaza\u0107 wymaganych danych osobowych, jednak ich brak mo\u017ce uniemo\u017cliwi\u0107 realizacj\u0119 zwi\u0105zanych z nimi us\u0142ug. Podejmowane s\u0105 szczeg\u00f3lne \u015brodki bezpiecze\u0144stwa, maj\u0105ce zapobiec utracie danych, ich nielegalnemu lub nieprawid\u0142owemu u\u017cyciu oraz nieautoryzowanemu dost\u0119powi do nich.<br><strong>Prawa os\u00f3b, kt\u00f3rych dotycz\u0105 dane<br><\/strong>Podmioty, do kt\u00f3rych odnosz\u0105 si\u0119 dane osobowe, maj\u0105 w ka\u017cdej chwili prawo do uzyskania potwierdzenia istnienia danych, poznania ich tre\u015bci i pochodzenia, sprawdzenia ich poprawno\u015bci oraz do za\u017c\u0105dania ich uzupe\u0142nienia, aktualizacji lub poprawienia. Osoby te maj\u0105 r\u00f3wnie\u017c prawo do \u017c\u0105dania usuni\u0119cia, przekszta\u0142cenia w form\u0119 anonimow\u0105 lub zablokowania danych przetwarzanych z naruszeniem prawa, a tak\u017ce do przeciwstawienia si\u0119 w ka\u017cdym przypadku, z uzasadnionych powod\u00f3w, ich przetwarzaniu, wysy\u0142aj\u0105c odpowiedni\u0105 wiadomo\u015b\u0107 do Nomo Translations Anna Cie\u015blik, Ul. Niegolewskich 10\/8, 60-232 Pozna\u0144 &#8211; Polska. 60-232 Pozna\u0144.<\/p>\n<\/div><\/div>\n","protected":false},"excerpt":{"rendered":"<p>Polytyka Prywatno\u015bci Poni\u017cej przedstawiono tryb zarz\u0105dzania witryn\u0105 internetow\u0105 dost\u0119pn\u0105 pod adresem www.nomotranslations.com pod wzgl\u0119dem przetwarzania danych osobowych odwiedzaj\u0105cych j\u0105 u\u017cytkownik\u00f3w. Administrator danychOdwiedzenie niniejszej strony mo\u017ce skutkowa\u0107 przetwarzaniem danych dotycz\u0105cych zidentyfikowanych lub mo\u017cliwych do zidentyfikowania os\u00f3b. Dane te s\u0105 gromadzone w bazie danych, kt\u00f3ra mo\u017ce by\u0107 wykorzystywana do cel\u00f3w handlowych i marketingowych. Administratorem danych jest<\/p>\n<div class=\"moretag\"><a href=\"https:\/\/italianopolacco.com\/pl\/polytyka-prywatnosci\/\"> Read the full article&#8230;<\/a><\/div>\n","protected":false},"author":3,"featured_media":0,"parent":0,"menu_order":0,"comment_status":"closed","ping_status":"closed","template":"","meta":{"_uag_custom_page_level_css":"","site-sidebar-layout":"default","site-content-layout":"","ast-site-content-layout":"default","site-content-style":"default","site-sidebar-style":"default","ast-global-header-display":"","ast-banner-title-visibility":"","ast-main-header-display":"","ast-hfb-above-header-display":"","ast-hfb-below-header-display":"","ast-hfb-mobile-header-display":"","site-post-title":"","ast-breadcrumbs-content":"","ast-featured-img":"","footer-sml-layout":"","ast-disable-related-posts":"","theme-transparent-header-meta":"","adv-header-id-meta":"","stick-header-meta":"","header-above-stick-meta":"","header-main-stick-meta":"","header-below-stick-meta":"","astra-migrate-meta-layouts":"set","ast-page-background-enabled":"default","ast-page-background-meta":{"desktop":{"background-color":"var(--ast-global-color-4)","background-image":"","background-repeat":"repeat","background-position":"center center","background-size":"auto","background-attachment":"scroll","background-type":"","background-media":"","overlay-type":"","overlay-color":"","overlay-opacity":"","overlay-gradient":""},"tablet":{"background-color":"","background-image":"","background-repeat":"repeat","background-position":"center center","background-size":"auto","background-attachment":"scroll","background-type":"","background-media":"","overlay-type":"","overlay-color":"","overlay-opacity":"","overlay-gradient":""},"mobile":{"background-color":"","background-image":"","background-repeat":"repeat","background-position":"center center","background-size":"auto","background-attachment":"scroll","background-type":"","background-media":"","overlay-type":"","overlay-color":"","overlay-opacity":"","overlay-gradient":""}},"ast-content-background-meta":{"desktop":{"background-color":"var(--ast-global-color-5)","background-image":"","background-repeat":"repeat","background-position":"center center","background-size":"auto","background-attachment":"scroll","background-type":"","background-media":"","overlay-type":"","overlay-color":"","overlay-opacity":"","overlay-gradient":""},"tablet":{"background-color":"var(--ast-global-color-5)","background-image":"","background-repeat":"repeat","background-position":"center center","background-size":"auto","background-attachment":"scroll","background-type":"","background-media":"","overlay-type":"","overlay-color":"","overlay-opacity":"","overlay-gradient":""},"mobile":{"background-color":"var(--ast-global-color-5)","background-image":"","background-repeat":"repeat","background-position":"center center","background-size":"auto","background-attachment":"scroll","background-type":"","background-media":"","overlay-type":"","overlay-color":"","overlay-opacity":"","overlay-gradient":""}},"footnotes":""},"class_list":["post-7036","page","type-page","status-publish","hentry"],"uagb_featured_image_src":{"full":false,"thumbnail":false,"medium":false,"medium_large":false,"large":false,"1536x1536":false,"2048x2048":false},"uagb_author_info":{"display_name":"Anna Cie\u015blik","author_link":"https:\/\/italianopolacco.com\/pl\/author\/anna_pl\/"},"uagb_comment_info":0,"uagb_excerpt":"Polytyka Prywatno\u015bci Poni\u017cej przedstawiono tryb zarz\u0105dzania witryn\u0105 internetow\u0105 dost\u0119pn\u0105 pod adresem www.nomotranslations.com pod wzgl\u0119dem przetwarzania danych osobowych odwiedzaj\u0105cych j\u0105 u\u017cytkownik\u00f3w. Administrator danychOdwiedzenie niniejszej strony mo\u017ce skutkowa\u0107 przetwarzaniem danych dotycz\u0105cych zidentyfikowanych lub mo\u017cliwych do zidentyfikowania os\u00f3b. Dane te s\u0105 gromadzone w bazie danych, kt\u00f3ra mo\u017ce by\u0107 wykorzystywana do cel\u00f3w handlowych i marketingowych. Administratorem danych jest Read&hellip;","_links":{"self":[{"href":"https:\/\/italianopolacco.com\/pl\/wp-json\/wp\/v2\/pages\/7036","targetHints":{"allow":["GET"]}}],"collection":[{"href":"https:\/\/italianopolacco.com\/pl\/wp-json\/wp\/v2\/pages"}],"about":[{"href":"https:\/\/italianopolacco.com\/pl\/wp-json\/wp\/v2\/types\/page"}],"author":[{"embeddable":true,"href":"https:\/\/italianopolacco.com\/pl\/wp-json\/wp\/v2\/users\/3"}],"replies":[{"embeddable":true,"href":"https:\/\/italianopolacco.com\/pl\/wp-json\/wp\/v2\/comments?post=7036"}],"version-history":[{"count":2,"href":"https:\/\/italianopolacco.com\/pl\/wp-json\/wp\/v2\/pages\/7036\/revisions"}],"predecessor-version":[{"id":7043,"href":"https:\/\/italianopolacco.com\/pl\/wp-json\/wp\/v2\/pages\/7036\/revisions\/7043"}],"wp:attachment":[{"href":"https:\/\/italianopolacco.com\/pl\/wp-json\/wp\/v2\/media?parent=7036"}],"curies":[{"name":"wp","href":"https:\/\/api.w.org\/{rel}","templated":true}]}}